{"id":100,"date":"2021-03-15T00:41:25","date_gmt":"2021-03-14T21:41:25","guid":{"rendered":"http:\/\/levent-unal.com.tr\/cicekcidemo\/?post_type=product&#038;p=100"},"modified":"2021-03-15T00:41:25","modified_gmt":"2021-03-14T21:41:25","slug":"biricik-askima-15-kirmizi-gul-gul_buketi-129tl","status":"publish","type":"product","link":"https:\/\/levent-unal.com.tr\/cicekcidemo\/index.php\/urun\/biricik-askima-15-kirmizi-gul-gul_buketi-129tl\/","title":{"rendered":"Biricik  A\u015fk\u0131ma 15 k\u0131rm\u0131z\u0131 g\u00fcl G\u00fcl_Buketi 129tl"},"content":{"rendered":"","protected":false},"excerpt":{"rendered":"","protected":false},"featured_media":101,"comment_status":"open","ping_status":"closed","template":"","meta":[],"class_list":["post-100","product","type-product","status-publish","has-post-thumbnail","hentry","product_cat-acilis-kutlama","product_cat-buketler","product_cat-cicekler","product_cat-dogum-gunu","product_cat-gecmis-olsun","product_cat-genclere","product_cat-guller","product_cat-sevgiliye","product_cat-sevgiliye-cicek","product_cat-vip-cicekler","product_cat-yeni-bebek","product_cat-yeni-is-terfi","product_cat-yil-donumu"],"_links":{"self":[{"href":"https:\/\/levent-unal.com.tr\/cicekcidemo\/index.php\/wp-json\/wp\/v2\/product\/100","targetHints":{"allow":["GET"]}}],"collection":[{"href":"https:\/\/levent-unal.com.tr\/cicekcidemo\/index.php\/wp-json\/wp\/v2\/product"}],"about":[{"href":"https:\/\/levent-unal.com.tr\/cicekcidemo\/index.php\/wp-json\/wp\/v2\/types\/product"}],"replies":[{"embeddable":true,"href":"https:\/\/levent-unal.com.tr\/cicekcidemo\/index.php\/wp-json\/wp\/v2\/comments?post=100"}],"wp:featuredmedia":[{"embeddable":true,"href":"https:\/\/levent-unal.com.tr\/cicekcidemo\/index.php\/wp-json\/wp\/v2\/media\/101"}],"wp:attachment":[{"href":"https:\/\/levent-unal.com.tr\/cicekcidemo\/index.php\/wp-json\/wp\/v2\/media?parent=100"}],"curies":[{"name":"wp","href":"https:\/\/api.w.org\/{rel}","templated":true}]}}